{"id":1608,"date":"2024-07-04T11:20:52","date_gmt":"2024-07-04T09:20:52","guid":{"rendered":"https:\/\/www.capoforte.it\/index.php\/schaumweine\/"},"modified":"2025-05-30T11:17:39","modified_gmt":"2025-05-30T09:17:39","slug":"schaumweine","status":"publish","type":"page","link":"https:\/\/www.capoforte.it\/de\/schaumweine\/","title":{"rendered":"Schaumweine"},"content":{"rendered":"<p>[et_pb_section fb_built=&#8220;1&#8243; _builder_version=&#8220;4.27.4&#8243; _module_preset=&#8220;default&#8220; background_color=&#8220;rgba(75,57,46,0.4)&#8220; background_image=&#8220;https:\/\/www.capoforte.it\/wp-content\/uploads\/2024\/08\/Masseria-Capoforte-bicchiere-di-spumante-al-tramonto-1920&#215;1080-1-jpg.avif&#8220; background_blend=&#8220;multiply&#8220; background_enable_video_mp4=&#8220;off&#8220; background_video_width=&#8220;1920&#8243; background_video_height=&#8220;1080&#8243; custom_margin=&#8220;||||false|false&#8220; custom_padding=&#8220;40vh||40vh||true|false&#8220; locked=&#8220;off&#8220; global_colors_info=&#8220;{}&#8220;][et_pb_row _builder_version=&#8220;4.25.0&#8243; _module_preset=&#8220;default&#8220; global_colors_info=&#8220;{}&#8220;][et_pb_column type=&#8220;4_4&#8243; _builder_version=&#8220;4.25.0&#8243; _module_preset=&#8220;default&#8220; global_colors_info=&#8220;{}&#8220;][et_pb_text _builder_version=&#8220;4.27.4&#8243; _module_preset=&#8220;default&#8220; header_4_font=&#8220;Titoli-Sackers-Heavy-Gothic||||||||&#8220; header_4_text_align=&#8220;center&#8220; header_4_text_color=&#8220;#F0F0F0&#8243; header_4_font_size=&#8220;1.8em&#8220; header_4_line_height=&#8220;1.2em&#8220; animation_style=&#8220;fade&#8220; header_4_font_size_tablet=&#8220;1.6em&#8220; header_4_font_size_phone=&#8220;1.6em&#8220; header_4_font_size_last_edited=&#8220;on|tablet&#8220; global_colors_info=&#8220;{}&#8220;]<\/p>\n<h4>Entdecke Schaumweine<\/h4>\n<p>[\/et_pb_text][\/et_pb_column][\/et_pb_row][\/et_pb_section][et_pb_section fb_built=&#8220;1&#8243; _builder_version=&#8220;4.27.4&#8243; _module_preset=&#8220;default&#8220; z_index=&#8220;500&#8243; height=&#8220;10px&#8220; height_tablet=&#8220;145px&#8220; height_phone=&#8220;85px&#8220; height_last_edited=&#8220;on|phone&#8220; custom_padding=&#8220;||0px||false|false&#8220; locked=&#8220;off&#8220; global_colors_info=&#8220;{}&#8220;][et_pb_row _builder_version=&#8220;4.27.4&#8243; _module_preset=&#8220;default&#8220; transform_scale_tablet=&#8220;&#8220; transform_scale_phone=&#8220;&#8220; transform_scale_last_edited=&#8220;on|desktop&#8220; transform_translate=&#8220;0px|-250px&#8220; transform_translate_tablet=&#8220;0px|-120px&#8220; transform_translate_phone=&#8220;0px|-105px&#8220; transform_translate_last_edited=&#8220;on|phone&#8220; transform_translate_linked=&#8220;off&#8220; transform_rotate_tablet=&#8220;&#8220; transform_rotate_phone=&#8220;&#8220; transform_rotate_last_edited=&#8220;on|desktop&#8220; transform_skew_tablet=&#8220;&#8220; transform_skew_phone=&#8220;&#8220; transform_skew_last_edited=&#8220;on|desktop&#8220; transform_origin_tablet=&#8220;&#8220; transform_origin_phone=&#8220;&#8220; transform_origin_last_edited=&#8220;on|desktop&#8220; transform_styles_last_edited=&#8220;on|phone&#8220; width=&#8220;100%&#8220; max_width=&#8220;120%&#8220; transform_styles_tablet=&#8220;&#8220; transform_styles_phone=&#8220;&#8220; global_colors_info=&#8220;{}&#8220;][et_pb_column type=&#8220;4_4&#8243; _builder_version=&#8220;4.25.0&#8243; _module_preset=&#8220;default&#8220; global_colors_info=&#8220;{}&#8220;][et_pb_image src=&#8220;https:\/\/www.capoforte.it\/wp-content\/uploads\/2024\/07\/Masseria-Capoforte-spaz-foot-desk-tab-v.svg&#8220; alt=&#8220;Masseria Capoforte spaz foot desk-tab-v&#8220; title_text=&#8220;Masseria Capoforte spaz foot desk-tab-v&#8220; src_tablet=&#8220;https:\/\/www.capoforte.it\/wp-content\/uploads\/2024\/07\/Masseria-Capoforte-spaz-foot-desk-tab-v.svg&#8220; src_phone=&#8220;https:\/\/www.capoforte.it\/wp-content\/uploads\/2024\/07\/Masseria-Capoforte-logo-foot-sp-v.svg&#8220; src_last_edited=&#8220;on|desktop&#8220; _builder_version=&#8220;4.25.0&#8243; _module_preset=&#8220;default&#8220; transform_scale_tablet=&#8220;&#8220; transform_scale_phone=&#8220;&#8220; transform_scale_last_edited=&#8220;on|desktop&#8220; transform_translate_tablet=&#8220;&#8220; transform_translate_phone=&#8220;&#8220; transform_translate_last_edited=&#8220;on|phone&#8220; transform_translate_linked=&#8220;off&#8220; transform_rotate_tablet=&#8220;&#8220; transform_rotate_phone=&#8220;&#8220; transform_rotate_last_edited=&#8220;on|desktop&#8220; transform_skew_tablet=&#8220;&#8220; transform_skew_phone=&#8220;&#8220; transform_skew_last_edited=&#8220;on|desktop&#8220; transform_origin_tablet=&#8220;&#8220; transform_origin_phone=&#8220;&#8220; transform_origin_last_edited=&#8220;on|desktop&#8220; transform_styles_last_edited=&#8220;on|phone&#8220; transform_styles_tablet=&#8220;&#8220; transform_styles_phone=&#8220;&#8220; global_colors_info=&#8220;{}&#8220;][\/et_pb_image][dmpro_breadcrumbs bc_custom_home=&#8220;on&#8220; bc_home_text=&#8220;Home&#8220; bc_home_size=&#8220;11px&#8220; bc_home_color=&#8220;#A9978C&#8220; bc_hover_home_color=&#8220;#4B392E&#8220; bc_schema=&#8220;off&#8220; bc_separator_size=&#8220;14px&#8220; bc_separator_color=&#8220;#A9978C&#8220; bc_item_bg_color=&#8220;RGBA(255,255,255,0)&#8220; bc_active_item_color=&#8220;RGBA(255,255,255,0)&#8220; bc_hover_item_bg_color=&#8220;RGBA(255,255,255,0)&#8220; _builder_version=&#8220;4.25.0&#8243; _module_preset=&#8220;default&#8220; items_font=&#8220;||||||||&#8220; items_text_color=&#8220;#A9978C&#8220; active_text_color=&#8220;#A9978C&#8220; width=&#8220;50%&#8220; max_width=&#8220;50%&#8220; module_alignment=&#8220;left&#8220; custom_margin=&#8220;-20px||0px||false|false&#8220; custom_padding=&#8220;||0px|50px|false|false&#8220; custom_padding_tablet=&#8220;|||30px|false|false&#8220; custom_padding_phone=&#8220;||0px|30px|false|false&#8220; custom_padding_last_edited=&#8220;on|tablet&#8220; border_color_all_items=&#8220;RGBA(255,255,255,0)&#8220; border_color_all_hover=&#8220;RGBA(255,255,255,0)&#8220; locked=&#8220;off&#8220; global_colors_info=&#8220;{}&#8220;][\/dmpro_breadcrumbs][\/et_pb_column][\/et_pb_row][\/et_pb_section][et_pb_section fb_built=&#8220;1&#8243; _builder_version=&#8220;4.25.0&#8243; _module_preset=&#8220;default&#8220; custom_margin=&#8220;||||false|false&#8220; custom_margin_tablet=&#8220;25px||||false|false&#8220; custom_margin_phone=&#8220;25px||||false|false&#8220; custom_margin_last_edited=&#8220;on|tablet&#8220; custom_padding=&#8220;0px||0px||false|false&#8220; locked=&#8220;off&#8220; global_colors_info=&#8220;{}&#8220;][et_pb_row _builder_version=&#8220;4.25.0&#8243; _module_preset=&#8220;default&#8220; width=&#8220;50%&#8220; width_tablet=&#8220;55%&#8220; width_phone=&#8220;80%&#8220; width_last_edited=&#8220;on|phone&#8220; custom_padding=&#8220;0px||0px||false|false&#8220; global_colors_info=&#8220;{}&#8220;][et_pb_column type=&#8220;4_4&#8243; _builder_version=&#8220;4.25.0&#8243; _module_preset=&#8220;default&#8220; global_colors_info=&#8220;{}&#8220;][et_pb_text _builder_version=&#8220;4.27.2&#8243; _module_preset=&#8220;68d798b7-d1ce-4a35-979f-f22f22f8b38a&#8220; custom_margin=&#8220;-160px||||false|false&#8220; custom_margin_tablet=&#8220;-95px||||false|false&#8220; custom_margin_phone=&#8220;-70px||||false|false&#8220; custom_margin_last_edited=&#8220;on|phone&#8220; global_colors_info=&#8220;{}&#8220;]<\/p>\n<h1>Eine wertvolle Gesellschaft f\u00fcr Ihre besonderen Momente<\/h1>\n<p>[\/et_pb_text][et_pb_text _builder_version=&#8220;4.27.2&#8243; _module_preset=&#8220;default&#8220; header_2_font=&#8220;Testo-Heletica-Roman||||||||&#8220; header_2_text_align=&#8220;center&#8220; header_2_text_color=&#8220;#A9978C&#8220; header_2_font_size=&#8220;1.2em&#8220; header_2_line_height=&#8220;1.3em&#8220; header_2_font_size_tablet=&#8220;1.1em&#8220; header_2_font_size_phone=&#8220;1.1em&#8220; header_2_font_size_last_edited=&#8220;on|desktop&#8220; global_colors_info=&#8220;{}&#8220;]<\/p>\n<h2>Der Moment des Entkorkens ist eine uralte Geste, wie die Urspr\u00fcnge der Masseria Capoforte. Mit seinem erkennbaren Klang des \u00d6ffnens ist dies ein Sinneserlebnis und es ist ein kathartischer Moment, weil die tiefsten W\u00fcnsche den als Ritual in Gesellschaft erhobenen gl\u00fcckverhei\u00dfenden Kelchen anvertraut wird. Unsere Schaumweine unterst\u00fctzen so die Gunst und \u00fcberbringen mit Sicherheit Emotionen im wertvollsten Moment.  <\/h2>\n<p>[\/et_pb_text][\/et_pb_column][\/et_pb_row][et_pb_row _builder_version=&#8220;4.25.0&#8243; _module_preset=&#8220;default&#8220; custom_padding=&#8220;0px||||false|false&#8220; global_colors_info=&#8220;{}&#8220;][et_pb_column type=&#8220;4_4&#8243; _builder_version=&#8220;4.25.0&#8243; _module_preset=&#8220;default&#8220; global_colors_info=&#8220;{}&#8220;][et_pb_image src=&#8220;https:\/\/www.capoforte.it\/wp-content\/uploads\/2024\/07\/Masseria-Capoforte-logo-head-v.svg&#8220; alt=&#8220;Masseria Capoforte logo head-v&#8220; title_text=&#8220;Masseria Capoforte logo head-v&#8220; align=&#8220;center&#8220; _builder_version=&#8220;4.25.0&#8243; _module_preset=&#8220;default&#8220; width=&#8220;2%&#8220; width_tablet=&#8220;3%&#8220; width_phone=&#8220;7%&#8220; width_last_edited=&#8220;on|phone&#8220; custom_margin=&#8220;30px||40px||false|false&#8220; custom_margin_tablet=&#8220;80px||50px||false|false&#8220; custom_margin_phone=&#8220;60px||||false|false&#8220; custom_margin_last_edited=&#8220;on|phone&#8220; custom_padding=&#8220;||||false|false&#8220; locked=&#8220;off&#8220; global_colors_info=&#8220;{}&#8220;][\/et_pb_image][dmpro_carousel columns=&#8220;3&#8243; navigation=&#8220;on&#8220; navigation_prev_icon_yn=&#8220;on&#8220; navigation_prev_icon=&#8220;&#x34;||divi||400&#8243; navigation_next_icon_yn=&#8220;on&#8220; navigation_next_icon=&#8220;&#x35;||divi||400&#8243; navigation_color=&#8220;#4B392E&#8220; navigation_position_left=&#8220;0px&#8220; navigation_position_right=&#8220;0px&#8220; columns_tablet=&#8220;1&#8243; columns_phone=&#8220;1&#8243; columns_last_edited=&#8220;on|tablet&#8220; _builder_version=&#8220;4.25.0&#8243; _module_preset=&#8220;default&#8220; title_font=&#8220;Titoli-Sackers-Heavy-Gothic||||||||&#8220; title_text_color=&#8220;#4B392E&#8220; title_font_size=&#8220;1.5em&#8220; desc_font=&#8220;Testo-Heletica-Roman|500|||||||&#8220; desc_text_color=&#8220;#A9978C&#8220; global_colors_info=&#8220;{}&#8220;][dmpro_carousel_child title=&#8220;Brut&#8220; img_src=&#8220;https:\/\/www.capoforte.it\/wp-content\/uploads\/2024\/08\/Masseria-Capoforte-Brut-Cuvee-Vino-Spumante-Brut-h1000.png&#8220; img_alt=&#8220;Brut&#8220; text_title=&#8220;Brut&#8220; desc_text=&#8220;<\/p>\n<p>Cuv\u00e9e Vino Spumante Brut<\/p>\n<p>&#8220; img_width=&#8220;80%&#8220; img_width_tablet=&#8220;55%&#8220; img_width_phone=&#8220;85%&#8220; img_width_last_edited=&#8220;on|phone&#8220; _builder_version=&#8220;4.25.0&#8243; _dynamic_attributes=&#8220;link_option_url&#8220; _module_preset=&#8220;default&#8220; desc_text_color=&#8220;#A9978C&#8220; desc_font_size=&#8220;1.1em&#8220; link_option_url=&#8220;@ET-DC@eyJkeW5hbWljIjp0cnVlLCJjb250ZW50IjoicG9zdF9saW5rX3VybF9wYWdlIiwic2V0dGluZ3MiOnsicG9zdF9pZCI6Ijc5NCJ9fQ==@&#8220; global_colors_info=&#8220;{}&#8220;][\/dmpro_carousel_child][dmpro_carousel_child title=&#8220;Papanero&#8220; img_src=&#8220;https:\/\/www.capoforte.it\/wp-content\/uploads\/2024\/08\/Masseria-Capoforte-Papanero-Cuvee-Vino-Spumante-Dry-h1000.png&#8220; img_alt=&#8220;Papanero&#8220; text_title=&#8220;Papanero&#8220; desc_text=&#8220;<\/p>\n<p>Cuv\u00e9e Vino Spumante Dry<\/p>\n<p>&#8220; img_width=&#8220;80%&#8220; img_width_tablet=&#8220;55%&#8220; img_width_phone=&#8220;85%&#8220; img_width_last_edited=&#8220;on|phone&#8220; _builder_version=&#8220;4.25.0&#8243; _dynamic_attributes=&#8220;link_option_url&#8220; _module_preset=&#8220;default&#8220; desc_text_color=&#8220;#A9978C&#8220; desc_font_size=&#8220;1.1em&#8220; link_option_url=&#8220;@ET-DC@eyJkeW5hbWljIjp0cnVlLCJjb250ZW50IjoicG9zdF9saW5rX3VybF9wYWdlIiwic2V0dGluZ3MiOnsicG9zdF9pZCI6Ijc5NiJ9fQ==@&#8220; global_colors_info=&#8220;{}&#8220;][\/dmpro_carousel_child][dmpro_carousel_child title=&#8220;Ros\u00e8&#8220; img_src=&#8220;https:\/\/www.capoforte.it\/wp-content\/uploads\/2024\/08\/Masseria-Capoforte-Rose-Cuvee-Vino-Spumante-Brut-h1000.png&#8220; img_alt=&#8220;Rose&#8220; text_title=&#8220;Ros\u00e8&#8220; desc_text=&#8220;<\/p>\n<p>Cuv\u00e9e Vino Spumante Brut<\/p>\n<p>&#8220; img_width=&#8220;80%&#8220; img_width_tablet=&#8220;55%&#8220; img_width_phone=&#8220;85%&#8220; img_width_last_edited=&#8220;on|phone&#8220; _builder_version=&#8220;4.25.0&#8243; _dynamic_attributes=&#8220;link_option_url&#8220; _module_preset=&#8220;default&#8220; desc_text_color=&#8220;#A9978C&#8220; desc_font_size=&#8220;1.1em&#8220; link_option_url=&#8220;@ET-DC@eyJkeW5hbWljIjp0cnVlLCJjb250ZW50IjoicG9zdF9saW5rX3VybF9wYWdlIiwic2V0dGluZ3MiOnsicG9zdF9pZCI6Ijc5OCJ9fQ==@&#8220; global_colors_info=&#8220;{}&#8220;][\/dmpro_carousel_child][\/dmpro_carousel][\/et_pb_column][\/et_pb_row][\/et_pb_section]<\/p>\n","protected":false},"excerpt":{"rendered":"<p>Entdecke Schaumweine<div class=\"et_pb_with_border et_pb_module dmpro_breadcrumbs dmpro_breadcrumbs_0\">\n\t\t\t\t\n\t\t\t\t\n\t\t\t\t\n\t\t\t\t\n\t\t\t\t\n\t\t\t\t\n\t\t\t\t<div class=\"et_pb_module_inner\">\n\t\t\t\t\t<div class=\"dmpro-breadcrumbs\">\n                <ul >\n                    \t\n                    <li  class=\"dmpro-breadcrumb-item dmpro-breadcrumb-home\">\n                                    <a  href=\"\">\n                        <span  >\n                                                        Home                        <\/span>\n                    <\/a>\n                                            <\/li>\n\t\t\t\n            \n            <li class=\"dmpro-breadcrumb-separator\"><span class=\"et-pb-icon dmpro-separator-icon\">$<\/span><\/li>\t\t\t\n            \n                <\/ul>\n            <\/div>\n\t\t\t\t<\/div>\n\t\t\t<\/div>Eine wertvolle Gesellschaft f\u00fcr Ihre besonderen MomenteDer Moment des Entkorkens ist eine uralte Geste, wie die Urspr\u00fcnge der Masseria Capoforte. Mit seinem erkennbaren Klang des \u00d6ffnens [&hellip;]<\/p>\n","protected":false},"author":1,"featured_media":0,"parent":0,"menu_order":0,"comment_status":"closed","ping_status":"closed","template":"","meta":{"_et_pb_use_builder":"on","_et_pb_old_content":"","_et_gb_content_width":"","footnotes":""},"class_list":["post-1608","page","type-page","status-publish","hentry"],"yoast_head":"<!-- This site is optimized with the Yoast SEO plugin v27.2 - https:\/\/yoast.com\/product\/yoast-seo-wordpress\/ -->\n<title>Capoforte Schaumweine \u2013 Die perlende Eleganz des Salento<\/title>\n<meta name=\"description\" content=\"Entdecken Sie die Schaumweine von Capoforte: Perlen aus dem Herzen des Salento, ideal zum stilvollen Ansto\u00dfen und Feiern besonderer Momente.\" \/>\n<meta name=\"robots\" content=\"index, follow, max-snippet:-1, max-image-preview:large, max-video-preview:-1\" \/>\n<link rel=\"canonical\" href=\"https:\/\/www.capoforte.it\/de\/schaumweine\/\" \/>\n<meta property=\"og:locale\" content=\"de_DE\" \/>\n<meta property=\"og:type\" content=\"article\" \/>\n<meta property=\"og:title\" content=\"Capoforte Schaumweine \u2013 Die perlende Eleganz des Salento\" \/>\n<meta property=\"og:description\" content=\"Entdecken Sie die Schaumweine von Capoforte: Perlen aus dem Herzen des Salento, ideal zum stilvollen Ansto\u00dfen und Feiern besonderer Momente.\" \/>\n<meta property=\"og:url\" content=\"https:\/\/www.capoforte.it\/de\/schaumweine\/\" \/>\n<meta property=\"og:site_name\" content=\"capoforte.it\" \/>\n<meta property=\"article:publisher\" content=\"https:\/\/www.facebook.com\/Capoforte\" \/>\n<meta property=\"article:modified_time\" content=\"2025-05-30T09:17:39+00:00\" \/>\n<meta name=\"twitter:card\" content=\"summary_large_image\" \/>\n<meta name=\"twitter:label1\" content=\"Gesch\u00e4tzte Lesezeit\" \/>\n\t<meta name=\"twitter:data1\" content=\"6\u00a0Minuten\" \/>\n<script type=\"application\/ld+json\" class=\"yoast-schema-graph\">{\"@context\":\"https:\/\/schema.org\",\"@graph\":[{\"@type\":\"WebPage\",\"@id\":\"https:\/\/www.capoforte.it\/de\/schaumweine\/\",\"url\":\"https:\/\/www.capoforte.it\/de\/schaumweine\/\",\"name\":\"Capoforte Schaumweine \u2013 Die perlende Eleganz des Salento\",\"isPartOf\":{\"@id\":\"https:\/\/www.capoforte.it\/#website\"},\"datePublished\":\"2024-07-04T09:20:52+00:00\",\"dateModified\":\"2025-05-30T09:17:39+00:00\",\"description\":\"Entdecken Sie die Schaumweine von Capoforte: Perlen aus dem Herzen des Salento, ideal zum stilvollen Ansto\u00dfen und Feiern besonderer Momente.\",\"breadcrumb\":{\"@id\":\"https:\/\/www.capoforte.it\/de\/schaumweine\/#breadcrumb\"},\"inLanguage\":\"de\",\"potentialAction\":[{\"@type\":\"ReadAction\",\"target\":[\"https:\/\/www.capoforte.it\/de\/schaumweine\/\"]}]},{\"@type\":\"BreadcrumbList\",\"@id\":\"https:\/\/www.capoforte.it\/de\/schaumweine\/#breadcrumb\",\"itemListElement\":[{\"@type\":\"ListItem\",\"position\":1,\"name\":\"Home\",\"item\":\"https:\/\/www.capoforte.it\/de\/home\/\"},{\"@type\":\"ListItem\",\"position\":2,\"name\":\"Schaumweine\"}]},{\"@type\":\"WebSite\",\"@id\":\"https:\/\/www.capoforte.it\/#website\",\"url\":\"https:\/\/www.capoforte.it\/\",\"name\":\"capoforte.it\",\"description\":\"Vini del Salento. The Taste of Passion.\",\"publisher\":{\"@id\":\"https:\/\/www.capoforte.it\/#organization\"},\"potentialAction\":[{\"@type\":\"SearchAction\",\"target\":{\"@type\":\"EntryPoint\",\"urlTemplate\":\"https:\/\/www.capoforte.it\/?s={search_term_string}\"},\"query-input\":{\"@type\":\"PropertyValueSpecification\",\"valueRequired\":true,\"valueName\":\"search_term_string\"}}],\"inLanguage\":\"de\"},{\"@type\":\"Organization\",\"@id\":\"https:\/\/www.capoforte.it\/#organization\",\"name\":\"Massera Capoforte\",\"url\":\"https:\/\/www.capoforte.it\/\",\"logo\":{\"@type\":\"ImageObject\",\"inLanguage\":\"de\",\"@id\":\"https:\/\/www.capoforte.it\/#\/schema\/logo\/image\/\",\"url\":\"https:\/\/www.capoforte.it\/wp-content\/uploads\/2024\/07\/Masseria-Capoforte-Logo-Colore-Oro-v.svg\",\"contentUrl\":\"https:\/\/www.capoforte.it\/wp-content\/uploads\/2024\/07\/Masseria-Capoforte-Logo-Colore-Oro-v.svg\",\"width\":371,\"height\":186,\"caption\":\"Massera Capoforte\"},\"image\":{\"@id\":\"https:\/\/www.capoforte.it\/#\/schema\/logo\/image\/\"},\"sameAs\":[\"https:\/\/www.facebook.com\/Capoforte\",\"https:\/\/www.instagram.com\/masseria_capoforte\/\"]}]}<\/script>\n<!-- \/ Yoast SEO plugin. -->","yoast_head_json":{"title":"Capoforte Schaumweine \u2013 Die perlende Eleganz des Salento","description":"Entdecken Sie die Schaumweine von Capoforte: Perlen aus dem Herzen des Salento, ideal zum stilvollen Ansto\u00dfen und Feiern besonderer Momente.","robots":{"index":"index","follow":"follow","max-snippet":"max-snippet:-1","max-image-preview":"max-image-preview:large","max-video-preview":"max-video-preview:-1"},"canonical":"https:\/\/www.capoforte.it\/de\/schaumweine\/","og_locale":"de_DE","og_type":"article","og_title":"Capoforte Schaumweine \u2013 Die perlende Eleganz des Salento","og_description":"Entdecken Sie die Schaumweine von Capoforte: Perlen aus dem Herzen des Salento, ideal zum stilvollen Ansto\u00dfen und Feiern besonderer Momente.","og_url":"https:\/\/www.capoforte.it\/de\/schaumweine\/","og_site_name":"capoforte.it","article_publisher":"https:\/\/www.facebook.com\/Capoforte","article_modified_time":"2025-05-30T09:17:39+00:00","twitter_card":"summary_large_image","twitter_misc":{"Gesch\u00e4tzte Lesezeit":"6\u00a0Minuten"},"schema":{"@context":"https:\/\/schema.org","@graph":[{"@type":"WebPage","@id":"https:\/\/www.capoforte.it\/de\/schaumweine\/","url":"https:\/\/www.capoforte.it\/de\/schaumweine\/","name":"Capoforte Schaumweine \u2013 Die perlende Eleganz des Salento","isPartOf":{"@id":"https:\/\/www.capoforte.it\/#website"},"datePublished":"2024-07-04T09:20:52+00:00","dateModified":"2025-05-30T09:17:39+00:00","description":"Entdecken Sie die Schaumweine von Capoforte: Perlen aus dem Herzen des Salento, ideal zum stilvollen Ansto\u00dfen und Feiern besonderer Momente.","breadcrumb":{"@id":"https:\/\/www.capoforte.it\/de\/schaumweine\/#breadcrumb"},"inLanguage":"de","potentialAction":[{"@type":"ReadAction","target":["https:\/\/www.capoforte.it\/de\/schaumweine\/"]}]},{"@type":"BreadcrumbList","@id":"https:\/\/www.capoforte.it\/de\/schaumweine\/#breadcrumb","itemListElement":[{"@type":"ListItem","position":1,"name":"Home","item":"https:\/\/www.capoforte.it\/de\/home\/"},{"@type":"ListItem","position":2,"name":"Schaumweine"}]},{"@type":"WebSite","@id":"https:\/\/www.capoforte.it\/#website","url":"https:\/\/www.capoforte.it\/","name":"capoforte.it","description":"Vini del Salento. The Taste of Passion.","publisher":{"@id":"https:\/\/www.capoforte.it\/#organization"},"potentialAction":[{"@type":"SearchAction","target":{"@type":"EntryPoint","urlTemplate":"https:\/\/www.capoforte.it\/?s={search_term_string}"},"query-input":{"@type":"PropertyValueSpecification","valueRequired":true,"valueName":"search_term_string"}}],"inLanguage":"de"},{"@type":"Organization","@id":"https:\/\/www.capoforte.it\/#organization","name":"Massera Capoforte","url":"https:\/\/www.capoforte.it\/","logo":{"@type":"ImageObject","inLanguage":"de","@id":"https:\/\/www.capoforte.it\/#\/schema\/logo\/image\/","url":"https:\/\/www.capoforte.it\/wp-content\/uploads\/2024\/07\/Masseria-Capoforte-Logo-Colore-Oro-v.svg","contentUrl":"https:\/\/www.capoforte.it\/wp-content\/uploads\/2024\/07\/Masseria-Capoforte-Logo-Colore-Oro-v.svg","width":371,"height":186,"caption":"Massera Capoforte"},"image":{"@id":"https:\/\/www.capoforte.it\/#\/schema\/logo\/image\/"},"sameAs":["https:\/\/www.facebook.com\/Capoforte","https:\/\/www.instagram.com\/masseria_capoforte\/"]}]}},"_links":{"self":[{"href":"https:\/\/www.capoforte.it\/de\/wp-json\/wp\/v2\/pages\/1608","targetHints":{"allow":["GET"]}}],"collection":[{"href":"https:\/\/www.capoforte.it\/de\/wp-json\/wp\/v2\/pages"}],"about":[{"href":"https:\/\/www.capoforte.it\/de\/wp-json\/wp\/v2\/types\/page"}],"author":[{"embeddable":true,"href":"https:\/\/www.capoforte.it\/de\/wp-json\/wp\/v2\/users\/1"}],"replies":[{"embeddable":true,"href":"https:\/\/www.capoforte.it\/de\/wp-json\/wp\/v2\/comments?post=1608"}],"version-history":[{"count":6,"href":"https:\/\/www.capoforte.it\/de\/wp-json\/wp\/v2\/pages\/1608\/revisions"}],"predecessor-version":[{"id":2736,"href":"https:\/\/www.capoforte.it\/de\/wp-json\/wp\/v2\/pages\/1608\/revisions\/2736"}],"wp:attachment":[{"href":"https:\/\/www.capoforte.it\/de\/wp-json\/wp\/v2\/media?parent=1608"}],"curies":[{"name":"wp","href":"https:\/\/api.w.org\/{rel}","templated":true}]}}